{"id":3237,"date":"2024-01-29T10:19:37","date_gmt":"2024-01-29T10:19:37","guid":{"rendered":"https:\/\/www.nerjacasualrooms.com\/?page_id=3237"},"modified":"2024-04-04T11:16:46","modified_gmt":"2024-04-04T11:16:46","slug":"politica-de-privacidad","status":"publish","type":"page","link":"https:\/\/www.nerjacasualrooms.com\/en\/politica-de-privacidad\/","title":{"rendered":"Privacy Policy"},"content":{"rendered":"<div data-elementor-type=\"wp-page\" data-elementor-id=\"3237\" class=\"elementor elementor-3237\">\n\t\t\t\t\t\t\t<div class=\"elementor-element elementor-element-e9523da e-flex e-con-boxed e-con e-parent\" data-id=\"e9523da\" data-element_type=\"container\" data-settings=\"{&quot;content_width&quot;:&quot;boxed&quot;}\" data-core-v316-plus=\"true\">\n\t\t\t\t\t<div class=\"e-con-inner\">\n\t\t\t\t<div class=\"elementor-element elementor-element-0b94086 elementor-widget elementor-widget-text-editor\" data-id=\"0b94086\" data-element_type=\"widget\" data-widget_type=\"text-editor.default\">\n\t\t\t\t<div class=\"elementor-widget-container\">\n\t\t\t<style>\/*! elementor - v3.18.0 - 20-12-2023 *\/\n.elementor-widget-text-editor.elementor-drop-cap-view-stacked .elementor-drop-cap{background-color:#69727d;color:#fff}.elementor-widget-text-editor.elementor-drop-cap-view-framed .elementor-drop-cap{color:#69727d;border:3px solid;background-color:transparent}.elementor-widget-text-editor:not(.elementor-drop-cap-view-default) .elementor-drop-cap{margin-top:8px}.elementor-widget-text-editor:not(.elementor-drop-cap-view-default) .elementor-drop-cap-letter{width:1em;height:1em}.elementor-widget-text-editor .elementor-drop-cap{float:left;text-align:center;line-height:1;font-size:50px}.elementor-widget-text-editor .elementor-drop-cap-letter{display:inline-block}<\/style>\t\t\t\t<p class=\"p2\"><b>Informaci\u00f3n de car\u00e1cter general<\/b><\/p><p class=\"p2\">Este sitio web es operado por RICUR S.A. En este Aviso de Privacidad usted encontrar\u00e1 informaci\u00f3n sobre el manejo de sus datos personales cuando visite el sitio web de RICUR S.A.<\/p><p class=\"p2\"><b>Definiciones<\/b><\/p><p class=\"p2\">La declaraci\u00f3n de protecci\u00f3n de datos del RICUR S.A se basa en los t\u00e9rminos utilizados por el legislador europeo para la adopci\u00f3n del Reglamento General de Protecci\u00f3n de Datos (RGPD).<\/p><p class=\"p2\">Nuestra declaraci\u00f3n de protecci\u00f3n de datos debe ser legible y comprensible para el p\u00fablico en general, as\u00ed como para nuestros clientes y socios comerciales. Para asegurarnos de ello, nos gustar\u00eda explicar primero la terminolog\u00eda utilizada.<\/p><p class=\"p2\">En esta declaraci\u00f3n de protecci\u00f3n de datos, utilizamos, entre otros, los siguientes t\u00e9rminos:<\/p><p class=\"p2\"><b>a) Datos personales<\/b><\/p><p class=\"p2\">Por datos personales se entiende cualquier informaci\u00f3n relativa a una persona f\u00edsica identificada o identificable (\u00abinteresado\u00bb). Una persona f\u00edsica identificable es aquella que puede ser identificada, directa o indirectamente, en particular mediante un identificador como un nombre, un n\u00famero de identificaci\u00f3n, datos de localizaci\u00f3n, un identificador en l\u00ednea o uno o varios factores espec\u00edficos de la identidad f\u00edsica, fisiol\u00f3gica, gen\u00e9tica, mental, econ\u00f3mica, cultural o social de dicha persona f\u00edsica.<\/p><p class=\"p2\"><b>b) Titular de los datos<\/b><\/p><p class=\"p2\">El interesado es toda persona f\u00edsica identificada o identificable, cuyos datos personales son tratados por el responsable del tratamiento.<\/p><p class=\"p2\"><b>c) Procesamiento<\/b><\/p><p class=\"p2\">El tratamiento es cualquier operaci\u00f3n o conjunto de operaciones que se realice sobre datos personales o sobre conjuntos de datos personales, ya sea por medios automatizados o no, como la recogida, registro, organizaci\u00f3n, estructuraci\u00f3n, almacenamiento, adaptaci\u00f3n o alteraci\u00f3n, recuperaci\u00f3n, consulta, utilizaci\u00f3n, divulgaci\u00f3n por transmisi\u00f3n, difusi\u00f3n o cualquier otra forma de puesta a disposici\u00f3n, ajuste o combinaci\u00f3n, restricci\u00f3n, supresi\u00f3n o destrucci\u00f3n.<\/p><p class=\"p2\"><b>d) Restricci\u00f3n de la transformaci\u00f3n<\/b><\/p><p class=\"p2\">La restricci\u00f3n del tratamiento es la marcaci\u00f3n de los datos personales almacenados con el fin de limitar su tratamiento en el futuro.<\/p><p class=\"p2\"><b>e) Elaboraci\u00f3n de perfiles<\/b><\/p><p class=\"p2\">Por perfil se entiende cualquier forma de tratamiento automatizado de datos personales consistente en la utilizaci\u00f3n de datos personales para evaluar determinados aspectos de la personalidad de una persona f\u00edsica, en particular para analizar o predecir aspectos relativos al rendimiento laboral, la situaci\u00f3n econ\u00f3mica, la salud, las preferencias personales, los intereses, la fiabilidad, el comportamiento, la ubicaci\u00f3n o los movimientos de dicha persona f\u00edsica.<\/p><p class=\"p2\"><b>f) Seudonimizaci\u00f3n<\/b><\/p><p class=\"p2\">La seudonimizaci\u00f3n es el tratamiento de datos personales de tal manera que los datos personales ya no puedan atribuirse a un interesado espec\u00edfico sin el uso de informaci\u00f3n adicional, siempre que dicha informaci\u00f3n adicional se mantenga por separado y est\u00e9 sujeta a medidas t\u00e9cnicas y organizativas para garantizar que los datos personales no se atribuyan a una persona f\u00edsica identificada o identificable.<\/p><p class=\"p2\"><b>g) Responsable o responsable del tratamiento<\/b><\/p><p class=\"p2\">El responsable del tratamiento es la persona f\u00edsica o jur\u00eddica, la autoridad p\u00fablica, el organismo o cualquier otro organismo que, por s\u00ed solo o en colaboraci\u00f3n con otros, determine los fines y los medios del tratamiento de datos personales; cuando los fines y los medios de dicho tratamiento est\u00e9n determinados por la legislaci\u00f3n de la Uni\u00f3n o de un Estado miembro, el Derecho de la Uni\u00f3n o de unEstado miembro podr\u00e1 establecer el responsable del tratamiento o los criterios espec\u00edficos para su designaci\u00f3n.<\/p><p class=\"p2\"><b>h) Procesador<\/b><\/p><p class=\"p2\">El responsable del tratamiento es una persona f\u00edsica o jur\u00eddica, una autoridad p\u00fablica, un organismo o cualquier otro organismo que trate datos personales por cuenta del responsable del tratamiento.<\/p><p class=\"p2\"><b>i) Destinatario<\/b><\/p><p class=\"p2\">El destinatario es una persona f\u00edsica o jur\u00eddica, una autoridad p\u00fablica, un organismo o cualquier otro organismo al que se comuniquen los datos personales, ya sea un tercero o no. No obstante, las autoridades p\u00fablicas que puedan recibir datos personales en el marco de una investigaci\u00f3n particular de conformidad con la legislaci\u00f3n de la Uni\u00f3n o de los Estados miembros no se considerar\u00e1n destinatarios; el tratamiento de estos datos por parte de dichas autoridades p\u00fablicas se ajustar\u00e1 a las normas de protecci\u00f3n de datos aplicables en funci\u00f3n de los fines del tratamiento.<\/p><p class=\"p2\"><b>j) Terceros<\/b><\/p><p class=\"p2\">Tercero es una persona f\u00edsica o jur\u00eddica, autoridad p\u00fablica, organismo u organismo distinto del interesado, responsable del tratamiento, del encargado del tratamiento y de las personas que, bajo la autoridad directa del responsable del tratamiento, est\u00e1n autorizadas a tratar datos personales.<\/p><p class=\"p2\"><b>k) Consentimiento<\/b><\/p><p class=\"p2\">El consentimiento del interesado es cualquier indicaci\u00f3n libre, espec\u00edfica, informada e inequ\u00edvoca de su voluntad por la que, mediante una declaraci\u00f3n o una acci\u00f3n afirmativa clara, se manifieste su acuerdo con el tratamiento de los datos personales que le conciernen.<\/p><p class=\"p2\"><b>Recogida y uso de datos personales<\/b><\/p><p class=\"p2\">S\u00f3lo recogemos y procesamos los datos personales (p. ej. nombre, direcci\u00f3n, correo electr\u00f3nico) que nos proporciona en el momento del registro, cuando realiza un pedido de productos o servicios, o cuando realiza consultas, y s\u00f3lo en la medida en que sea necesario para justificar, establecer el contenido de la relaci\u00f3n jur\u00eddica o cambiar la relaci\u00f3n jur\u00eddica. Una vez firmado el contrato, sus datos ser\u00e1n eliminados en relaci\u00f3n con las obligaciones legales de custodia, siempre y cuando usted no haya aceptado expresamente el uso posterior de estos datos. Nosotros, y las personas encargadas por nosotros, no transmitiremos sus datos personales a terceros sin su consentimiento o sin una orden oficial pertinente.<\/p><p class=\"p2\"><b>Controller\u2019s contact details<\/b><\/p><p class=\"p2\">Cuando se registra para crear una nueva cuenta de cliente, los datos que introduzca se almacenar\u00e1n permanentemente en nuestra base de datos. Usted puede solicitar que sus datos y su perfil\/cuenta sean eliminados en cualquier momento.<\/p><p class=\"p2\"><b>Per\u00edodo de almacenamiento<\/b><\/p><p class=\"p2\">S\u00f3lo procesamos y almacenamos sus datos durante el tiempo necesario para su procesamiento o para cumplir con las obligaciones legales. Sus datos ser\u00e1n bloqueados o borrados despu\u00e9s de que la finalidad del tratamiento haya dejado de aplicarse.<\/p><p class=\"p2\">Si, adem\u00e1s, existen obligaciones legales de almacenamiento, bloquearemos o borraremos sus datos al final de los per\u00edodos legales de almacenamiento<\/p>\t\t\t\t\t\t<\/div>\n\t\t\t\t<\/div>\n\t\t\t\t\t<\/div>\n\t\t\t\t<\/div>\n\t\t<div class=\"elementor-element elementor-element-847880a e-flex e-con-boxed e-con e-parent\" data-id=\"847880a\" data-element_type=\"container\" id=\"aviso-legal\" data-settings=\"{&quot;content_width&quot;:&quot;boxed&quot;}\" data-core-v316-plus=\"true\">\n\t\t\t\t\t<div class=\"e-con-inner\">\n\t\t\t\t<div class=\"elementor-element elementor-element-df13606 elementor-widget elementor-widget-heading\" data-id=\"df13606\" data-element_type=\"widget\" data-widget_type=\"heading.default\">\n\t\t\t\t<div class=\"elementor-widget-container\">\n\t\t\t<style>\/*! elementor - v3.18.0 - 20-12-2023 *\/\n.elementor-heading-title{padding:0;margin:0;line-height:1}.elementor-widget-heading .elementor-heading-title[class*=elementor-size-]>a{color:inherit;font-size:inherit;line-height:inherit}.elementor-widget-heading .elementor-heading-title.elementor-size-small{font-size:15px}.elementor-widget-heading .elementor-heading-title.elementor-size-medium{font-size:19px}.elementor-widget-heading .elementor-heading-title.elementor-size-large{font-size:29px}.elementor-widget-heading .elementor-heading-title.elementor-size-xl{font-size:39px}.elementor-widget-heading .elementor-heading-title.elementor-size-xxl{font-size:59px}<\/style><h2 class=\"elementor-heading-title elementor-size-default\">Disclaimer<\/h2>\t\t<\/div>\n\t\t\t\t<\/div>\n\t\t\t\t<div class=\"elementor-element elementor-element-a98a65e elementor-widget elementor-widget-text-editor\" data-id=\"a98a65e\" data-element_type=\"widget\" data-widget_type=\"text-editor.default\">\n\t\t\t\t<div class=\"elementor-widget-container\">\n\t\t\t\t\t\t\t<p class=\"p2\">En cumplimiento con el deber de informaci\u00f3n recogido en art\u00edculo 10 de la Ley 34\/2002, de 11 de Julio, de Servicios de la Sociedad de la Informaci\u00f3n y del Comercio Electr\u00f3nico, le informamos que el Sitio Web y el portal de Internet https:\/\/www.hotelplazacavana.com\/ (en adelante, el \u00abWeb\u00bb) es titularidad de RICUR S.A, con domicilio social en GRANADA 1 con CIF n\u00ba A29251600. El presente aviso legal regula las condiciones de uso del citado portal de Internet.<\/p><p class=\"p2\"><b>Ley aplicable y jurisdicci\u00f3n<\/b><\/p><p class=\"p2\">Con car\u00e1cter general las relaciones entre NERJA CASUAL ROOMS y los usuarios de sus servicios telem\u00e1ticos,a presentes en la web, se encuentran sometidas a la legislaci\u00f3n y jurisdicci\u00f3n espa\u00f1olas.<\/p><p class=\"p2\">Las partes renuncian expresamente al fuero que les pudiera corresponder y someten expresamente a los Juzgados y Tribunales de Nerja para resolver cualquier controversia que pueda surgir en la interpretaci\u00f3n o ejecuci\u00f3n de las presentes condiciones contractuales.<\/p><p class=\"p2\"><b>Aceptaci\u00f3n del usuario<\/b><\/p><p class=\"p2\">Este Aviso Legal regula el acceso y utilizaci\u00f3n de la p\u00e1gina web que NERJA CASUAL ROOMS pone a la disposici\u00f3n de los usuarios de Internet. Se considera usuario la persona que acceda, navegue, utilice o participe en los servicios y actividades de la p\u00e1gina web. El usuario queda informado, y acepta, que el acceso a la presente web no supone, en modo alguno, el inicio de una relaci\u00f3n comercial con NERJA CASUAL ROOMS.<\/p><p class=\"p2\">El acceso y navegaci\u00f3n en el sitio web por parte del usuario supone la aceptaci\u00f3n de la totalidad de las presentes Condiciones de Uso. En caso de desacuerdo con las condiciones debe abstenerse a usar el sitio web.<\/p><p class=\"p2\"><b>Acceso a la web<\/b><\/p><p class=\"p2\">El acceso a la p\u00e1gina web por parte de los usuarios es de car\u00e1cter libre y gratuito. Algunos servicios pueden encontrarse sujetos a contrataci\u00f3n previa del servicio.<\/p><p class=\"p2\">En caso de ser necesario que el usuario aporte datos personales para acceder a alguno de los servicios, la recogida y el tratamiento de los datos se realizar\u00e1 de conformidad con la normativa vigente, en concreto con el RGPD. Para m\u00e1s informaci\u00f3n, consulte nuestra pol\u00edtica de privacidad https:\/\/www.nerjacasualrooms.com\/<span class=\"s2\">.<\/span><\/p><p class=\"p2\"><b>Contenido y uso<\/b><\/p><p class=\"p2\">La visita al sitio web por parte del usuario deber\u00e1 hacerse de forma responsable y de conformidad a la legalidad vigente, la buena fe, el presente Aviso Legal y respetando los derechos de propiedad intelectual e industrial de titularidad de NERJA CASUAL ROOMS o cualquier otras personas f\u00edsicas o jur\u00eddicas.<\/p><p class=\"p2\">El uso de cualquiera de los contenidos del sitio web con finalidades que sean o pudieran ser il\u00edcitas queda totalmente prohibido, as\u00ed como la realizaci\u00f3n de cualquier acci\u00f3n que cause o pueda causar da\u00f1os o alteraciones de cualquier tipo no consentidas por NERJA CASUAL ROOMS, al sitio web o a sus contenidos.<\/p><p class=\"p2\">El titular del web no se identifica con las opiniones vertidas en el mismo por sus colaboradores. La empresa se reserva el derecho de efectuar sin previo aviso las modificaciones que considere oportunas en su Web, pudiendo cambiar, suprimir o a\u00f1adir tanto los contenidos y servicios que se presten a trav\u00e9s de la misma como la forma en la que \u00e9stos aparezcan presentados o localizados en sus servidores.<\/p><p class=\"p2\"><b>Propiedad intelectual e industrial<\/b><\/p><p class=\"p2\">Los derechos de propiedad intelectual del contenido de las p\u00e1ginas web, su dise\u00f1o gr\u00e1fico y c\u00f3digosson titularidad de NERJA CASUAL ROOMS y, por tanto, queda prohibida su reproducci\u00f3n, distribuci\u00f3n, comunicaci\u00f3n p\u00fablica, transformaci\u00f3n o cualquier otra actividad que se realice con los contenidos de la p\u00e1gina web, ni siquiera, aunque se citen las fuentes, salvo que se cuente con el consentimiento previo, expreso y por escrito de NERJA CASUAL ROOMS. Todos los nombres comerciales, marcas o signos distintos de cualquier clase contenidos en las p\u00e1ginas web de la empresa son propiedad de sus due\u00f1os y est\u00e1n protegidos por ley.<\/p><p class=\"p2\">NERJA CASUAL ROOMS no concede ninguna licencia o autorizaci\u00f3n de uso de ninguna clase sobre sus derechos de propiedad intelectual e industrial o sobre cualquier otra propiedad o derecho relacionado con el sitio web, y en ning\u00fan caso se entender\u00e1 que el acceso y navegaci\u00f3n de los usuarios implica una renuncia, transmisi\u00f3n, licencia o cesi\u00f3n total ni parcial de dichos derechos por parte de NERJA CASUAL ROOMS.<\/p><p class=\"p2\">Cualquier uso de esos contenidos no autorizado previamente por parte de NERJA CASUAL ROOMS ser\u00e1 considerado un incumplimiento grave de los derechos de propiedad intelectual o industrial y dar\u00e1 lugar a las responsabilidades legalmente establecidas. NERJA CASUAL ROOMS se reserva el derecho de ejercitar frente al usuario las acciones judiciales y extrajudiciales que correspondan.<\/p><p class=\"p2\"><b>Responsabilidad y garant\u00edas<\/b><\/p><p class=\"p2\">NERJA CASUAL ROOMS declara que ha adoptado las medidas necesarias que, dentro de sus posibilidades y el estado de la tecnolog\u00eda, permitan el correcto funcionamiento de su sitio web as\u00ed como la ausencia de virus y componentes da\u00f1inos. Sin embargo, NERJA CASUAL ROOMS no puede hacerse responsable de las siguientes situaciones que se enumeran a t\u00edtulo enunciativo, pero no limitativo:<\/p><p class=\"p2\">\u2013 La continuidad y disponibilidad de los Contenidos.<\/p><p class=\"p2\">\u2013 La ausencia de errores en dichos Contenidos ni la correcci\u00f3n de cualquier defecto que pudiera ocurrir.<\/p><p class=\"p2\">\u2013 La ausencia de virus y\/o dem\u00e1s componentes da\u00f1inos.<\/p><p class=\"p2\">\u2013 Los da\u00f1os o perjuicios que cause cualquier persona que vulnere los sistemas de seguridad de NERJA CASUAL ROOMS.<\/p><p class=\"p2\">El uso que los usuarios puedan hacer de los contenidos incluidos en el web. En consecuencia, NERJA CASUAL ROOMS no garantiza que el uso que los usuarios puedan hacer de los contenidos que en su caso se incluyan en el sitio web, se ajusten al presente aviso legal, ni que el uso del sitio web se realice de forma diligente.<\/p><p class=\"p2\">El uso por menores de edad del sitio web o del env\u00edo de sus datos personales sin el permiso de sus tutores, siendo los tutores responsables del uso que hagan de Internet.<\/p><p class=\"p2\">Los contenidos a los que el usuario pueda acceder a trav\u00e9s de enlaces no autorizados o introducidos por usuarios mediante comentarios o herramientas similares.<\/p><p class=\"p2\">La introducci\u00f3n de datos err\u00f3neos por parte del usuario o de un tercero.<\/p><p class=\"p2\">NERJA CASUAL ROOMS podr\u00e1 suspender temporalmente y sin previo aviso, la accesibilidad al sitio webcon motivo de operaciones de mantenimiento, reparaci\u00f3n, actualizaci\u00f3n o mejora. No obstante, siempre que las circunstancias lo permitan, NERJA CASUAL ROOMS comunicar\u00e1 al usuario, con antelaci\u00f3n suficiente, la fecha prevista para la suspensi\u00f3n de los contenidos.<\/p><p class=\"p2\">Asimismo, de conformidad con los arts. 11 y 16 de la Ley 34\/2002, de 11 de julio, de servicios de la sociedad de la informaci\u00f3n y de comercio electr\u00f3nico (LSSICE), NERJA CASUAL ROOMS se compromete a la eliminaci\u00f3n o, en su caso, bloqueo de los contenidos que pudieran afectar o ser contrarios a la legislaci\u00f3n vigente, los derechos de terceros o la moral y orden p\u00fablico.<\/p><p class=\"p2\"><b>Cookies<\/b><\/p><p class=\"p2\">NERJA CASUAL ROOMS utiliza cookies, a los efectos de optimizar y personalizar su navegaci\u00f3n por el sitio web. Las cookies son ficheros f\u00edsicos de informaci\u00f3n que se alojan en el propio terminaldel usuario, la informaci\u00f3n recogida mediante las cookies sirve para facilitar la navegaci\u00f3n del usuario por el portal y optimizar la experiencia de navegaci\u00f3n. Los datos recopilados mediante las cookies pueden ser compartidos con los creadores de estas, pero en ning\u00fan caso la informaci\u00f3n obtenida por las mismas ser\u00e1 asociada a datos personales ni a datos que puedan identificar al usuario.<\/p><p class=\"p2\">Sin embargo, si el usuario no desea que se instalen cookies en su disco duro, tiene la posibilidad de configurar el navegador de tal modo que impida la instalaci\u00f3n de estos archivos. Para obtener m\u00e1s informaci\u00f3n consulte nuestra Pol\u00edtica de Cookies ____________.<\/p><p class=\"p2\"><b>Enlaces (links)<\/b><\/p><p class=\"p2\">La presencia de enlaces (links) en la p\u00e1gina web de NERJA CASUAL ROOMS hacia otros sitios de. Internet tiene finalidad meramente informativa y en ning\u00fan caso suponen sugerencia, invitaci\u00f3n o recomendaci\u00f3n sobre los mismos. NERJA CASUAL ROOMS no asumir\u00e1 responsabilidad por los contenidos de un enlace perteneciente a un sitio web ajeno, ni garantizar\u00e1 la fiabilidad, exactitud, amplitud, veracidad, validez y disponibilidad t\u00e9cnica.<\/p><p class=\"p2\">En el caso de que en otros sitios web se establezcan enlaces a la p\u00e1gina web de NERJA CASUAL ROOMS, no se entender\u00e1 que NERJA CASUAL ROOMS ha autorizado el enlace o el contenido del sitio web en el que se contiene el enlace, tampoco podr\u00e1 incluirse en la p\u00e1gina del enlace contenidos inapropiados, difamatorios, ilegales, obscenos o il\u00edcitos, ni otros contenidos que sean contrarios a la legalidad vigente.<\/p><p class=\"p2\">NERJA CASUAL ROOMS se reserva la posibilidad de contactar con el propietario del sitio web en el que se establezca el enlace si considera que se incumple la normativa, as\u00ed como de ejercitar las correspondientes acciones judiciales y extrajudiciales.<\/p><p class=\"p2\"><b>Modificaci\u00f3n de las condiciones<\/b><\/p><p class=\"p2\">NERJA CASUAL ROOMS se reserva expresamente el derecho a modificar unilateralmente, total o parcialmente, sin necesidad de previo aviso, el presente Aviso Legal. El usuario reconoce y acepta que es su responsabilidad revisar peri\u00f3dicamente el presente Aviso Legal.<\/p>\t\t\t\t\t\t<\/div>\n\t\t\t\t<\/div>\n\t\t\t\t\t<\/div>\n\t\t\t\t<\/div>\n\t\t\t\t\t\t\t<\/div>","protected":false},"excerpt":{"rendered":"<p>Informaci\u00f3n de car\u00e1cter general Este sitio web es operado por RICUR S.A. En este Aviso de Privacidad usted encontrar\u00e1 informaci\u00f3n sobre el manejo de sus datos personales cuando visite el sitio web de RICUR S.A. Definiciones La declaraci\u00f3n de protecci\u00f3n de datos del RICUR S.A se basa en los t\u00e9rminos utilizados por el legislador europeo [&hellip;]<\/p>","protected":false},"author":1,"featured_media":0,"parent":0,"menu_order":0,"comment_status":"closed","ping_status":"closed","template":"","meta":{"footnotes":""},"yoast_head":"<!-- This site is optimized with the Yoast SEO plugin v14.3 - https:\/\/yoast.com\/wordpress\/plugins\/seo\/ -->\n<title>Pol\u00edtica de Privacidad - Nerja Casual Rooms<\/title>\n<meta name=\"robots\" content=\"noindex, follow\" \/>\n<meta property=\"og:locale\" content=\"en_GB\" \/>\n<meta property=\"og:type\" content=\"article\" \/>\n<meta property=\"og:title\" content=\"Pol\u00edtica de Privacidad - Nerja Casual Rooms\" \/>\n<meta property=\"og:description\" content=\"Informaci\u00f3n de car\u00e1cter general Este sitio web es operado por RICUR S.A. En este Aviso de Privacidad usted encontrar\u00e1 informaci\u00f3n sobre el manejo de sus datos personales cuando visite el sitio web de RICUR S.A. Definiciones La declaraci\u00f3n de protecci\u00f3n de datos del RICUR S.A se basa en los t\u00e9rminos utilizados por el legislador europeo [&hellip;]\" \/>\n<meta property=\"og:url\" content=\"https:\/\/www.nerjacasualrooms.com\/en\/politica-de-privacidad\/\" \/>\n<meta property=\"og:site_name\" content=\"Nerja Casual Rooms\" \/>\n<meta property=\"article:publisher\" content=\"https:\/\/www.facebook.com\/nerjacasualrooms\" \/>\n<meta property=\"article:modified_time\" content=\"2024-04-04T11:16:46+00:00\" \/>\n<meta property=\"og:image\" content=\"https:\/\/www.nerjacasualrooms.com\/wp-content\/uploads\/2020\/10\/LOGOTRANSPNG.png\" \/>\n\t<meta property=\"og:image:width\" content=\"1890\" \/>\n\t<meta property=\"og:image:height\" content=\"1181\" \/>\n<meta name=\"twitter:card\" content=\"summary_large_image\" \/>\n<script type=\"application\/ld+json\" class=\"yoast-schema-graph\">{\"@context\":\"https:\/\/schema.org\",\"@graph\":[{\"@type\":\"Organization\",\"@id\":\"https:\/\/www.nerjacasualrooms.com\/en\/#organization\",\"name\":\"Casual Rooms\",\"url\":\"https:\/\/www.nerjacasualrooms.com\/en\/\",\"sameAs\":[\"https:\/\/www.facebook.com\/nerjacasualrooms\"],\"logo\":{\"@type\":\"ImageObject\",\"@id\":\"https:\/\/www.nerjacasualrooms.com\/en\/#logo\",\"inLanguage\":\"en-GB\",\"url\":\"https:\/\/www.nerjacasualrooms.com\/wp-content\/uploads\/2019\/12\/logo2-1.png\",\"width\":197,\"height\":197,\"caption\":\"Casual Rooms\"},\"image\":{\"@id\":\"https:\/\/www.nerjacasualrooms.com\/en\/#logo\"}},{\"@type\":\"WebSite\",\"@id\":\"https:\/\/www.nerjacasualrooms.com\/en\/#website\",\"url\":\"https:\/\/www.nerjacasualrooms.com\/en\/\",\"name\":\"Nerja Casual Rooms\",\"description\":\"Hotel en Nerja\",\"publisher\":{\"@id\":\"https:\/\/www.nerjacasualrooms.com\/en\/#organization\"},\"potentialAction\":[{\"@type\":\"SearchAction\",\"target\":\"https:\/\/www.nerjacasualrooms.com\/en\/?s={search_term_string}\",\"query-input\":\"required name=search_term_string\"}],\"inLanguage\":\"en-GB\"},{\"@type\":\"WebPage\",\"@id\":\"https:\/\/www.nerjacasualrooms.com\/politica-de-privacidad\/#webpage\",\"url\":\"https:\/\/www.nerjacasualrooms.com\/politica-de-privacidad\/\",\"name\":\"Pol\\u00edtica de Privacidad - Nerja Casual Rooms\",\"isPartOf\":{\"@id\":\"https:\/\/www.nerjacasualrooms.com\/en\/#website\"},\"datePublished\":\"2024-01-29T10:19:37+00:00\",\"dateModified\":\"2024-04-04T11:16:46+00:00\",\"inLanguage\":\"en-GB\",\"potentialAction\":[{\"@type\":\"ReadAction\",\"target\":[\"https:\/\/www.nerjacasualrooms.com\/politica-de-privacidad\/\"]}]}]}<\/script>\n<!-- \/ Yoast SEO plugin. -->","_links":{"self":[{"href":"https:\/\/www.nerjacasualrooms.com\/en\/wp-json\/wp\/v2\/pages\/3237"}],"collection":[{"href":"https:\/\/www.nerjacasualrooms.com\/en\/wp-json\/wp\/v2\/pages"}],"about":[{"href":"https:\/\/www.nerjacasualrooms.com\/en\/wp-json\/wp\/v2\/types\/page"}],"author":[{"embeddable":true,"href":"https:\/\/www.nerjacasualrooms.com\/en\/wp-json\/wp\/v2\/users\/1"}],"replies":[{"embeddable":true,"href":"https:\/\/www.nerjacasualrooms.com\/en\/wp-json\/wp\/v2\/comments?post=3237"}],"version-history":[{"count":3,"href":"https:\/\/www.nerjacasualrooms.com\/en\/wp-json\/wp\/v2\/pages\/3237\/revisions"}],"predecessor-version":[{"id":3240,"href":"https:\/\/www.nerjacasualrooms.com\/en\/wp-json\/wp\/v2\/pages\/3237\/revisions\/3240"}],"wp:attachment":[{"href":"https:\/\/www.nerjacasualrooms.com\/en\/wp-json\/wp\/v2\/media?parent=3237"}],"curies":[{"name":"wp","href":"https:\/\/api.w.org\/{rel}","templated":true}]}}